{"id":2,"date":"2022-05-20T18:25:32","date_gmt":"2022-05-20T16:25:32","guid":{"rendered":"http:\/\/www.casa-pac.fr\/?page_id=2"},"modified":"2023-06-26T17:37:11","modified_gmt":"2023-06-26T15:37:11","slug":"pompe-a-chaleur-et-climatisation-en-ile-de-france","status":"publish","type":"page","link":"https:\/\/www.casa-pac.fr\/","title":{"rendered":"Home"},"content":{"rendered":"","protected":false},"excerpt":{"rendered":"","protected":false},"author":1,"featured_media":0,"parent":0,"menu_order":0,"comment_status":"closed","ping_status":"open","template":"","meta":{"advgb_blocks_editor_width":"","advgb_blocks_columns_visual_guide":"","footnotes":""},"class_list":["post-2","page","type-page","status-publish","hentry"],"coauthors":[],"author_meta":{"author_link":"https:\/\/www.casa-pac.fr\/index.php\/author\/gregcasa\/","display_name":"GregCasa"},"relative_dates":{"created":"Publi\u00e9 4 ans il y a","modified":"Mis \u00e0 jour 3 ans il y a"},"absolute_dates":{"created":"Publi\u00e9 le 20 mai 2022","modified":"Mise \u00e0 jour le 26 juin 2023"},"absolute_dates_time":{"created":"Publi\u00e9 le 20 mai 2022 18h25","modified":"Mise \u00e0 jour le 26 juin 2023 17h37"},"featured_img_caption":"","featured_img":false,"series_order":"","_links":{"self":[{"href":"https:\/\/www.casa-pac.fr\/index.php\/wp-json\/wp\/v2\/pages\/2","targetHints":{"allow":["GET"]}}],"collection":[{"href":"https:\/\/www.casa-pac.fr\/index.php\/wp-json\/wp\/v2\/pages"}],"about":[{"href":"https:\/\/www.casa-pac.fr\/index.php\/wp-json\/wp\/v2\/types\/page"}],"author":[{"embeddable":true,"href":"https:\/\/www.casa-pac.fr\/index.php\/wp-json\/wp\/v2\/users\/1"}],"replies":[{"embeddable":true,"href":"https:\/\/www.casa-pac.fr\/index.php\/wp-json\/wp\/v2\/comments?post=2"}],"version-history":[{"count":2,"href":"https:\/\/www.casa-pac.fr\/index.php\/wp-json\/wp\/v2\/pages\/2\/revisions"}],"predecessor-version":[{"id":50,"href":"https:\/\/www.casa-pac.fr\/index.php\/wp-json\/wp\/v2\/pages\/2\/revisions\/50"}],"wp:attachment":[{"href":"https:\/\/www.casa-pac.fr\/index.php\/wp-json\/wp\/v2\/media?parent=2"}],"curies":[{"name":"wp","href":"https:\/\/api.w.org\/{rel}","templated":true}]}}