{"id":27,"date":"2023-02-13T21:58:53","date_gmt":"2023-02-13T20:58:53","guid":{"rendered":"https:\/\/www.casa-pac.fr\/?page_id=27"},"modified":"2023-02-17T18:47:09","modified_gmt":"2023-02-17T17:47:09","slug":"contact","status":"publish","type":"page","link":"https:\/\/www.casa-pac.fr\/index.php\/contact\/","title":{"rendered":"Contactez-nous"},"content":{"rendered":"<div class=\"everest-forms\"><div class=\"evf-container default\" id=\"evf-83\"><form id=\"evf-form-83\" class=\"everest-form\" data-formid=\"83\" data-ajax_submission=\"0\" data-keyboard_friendly_form=\"0\" data-form_state_type=\"\" method=\"post\" enctype=\"multipart\/form-data\" action=\"\/index.php\/wp-json\/wp\/v2\/pages\/27\"><div class=\"evf-field-container\"><input type=\"hidden\" id=\"_wpnonce83\" name=\"_wpnonce83\" value=\"9dcda61ce7\" \/><input type=\"hidden\" name=\"_wp_http_referer\" value=\"\/index.php\/wp-json\/wp\/v2\/pages\/27\" \/><div class=\"evf-frontend-row\" data-row=\"row_1\" conditional_rules=\"[]\"><div class=\"evf-frontend-grid evf-grid-1\" data-grid=\"grid_1\"><div id=\"evf-83-field_ys0GeZISRs-1-container\" class=\"evf-field evf-field-first-name form-row validate-required\" data-required-field-message=\"Ce champ est n\u00e9cessaire.\" data-field-id=\"ys0GeZISRs-1\"><label class=\"evf-field-label\" for=\"evf-83-field_ys0GeZISRs-1\"><span class=\"evf-label\">Nom \/ Entreprise<\/span> <abbr class=\"required\" title=\"N\u00e9cessaire\">*<\/abbr><\/label><input type=\"text\" id=\"evf-83-field_ys0GeZISRs-1\" class=\"input-text\" name=\"everest_forms[form_fields][ys0GeZISRs-1]\" required><\/div><div id=\"evf-83-field_LbH5NxasXM-2-container\" class=\"evf-field evf-field-email form-row validate-required validate-email\" data-required-field-message=\"Veuillez entrer une adresse e-mail valide.\" data-field-id=\"LbH5NxasXM-2\"><label class=\"evf-field-label\" for=\"evf-83-field_LbH5NxasXM-2\"><span class=\"evf-label\">E-mail (personne \u00e0 contacter)<\/span> <abbr class=\"required\" title=\"N\u00e9cessaire\">*<\/abbr><\/label><input type=\"email\" id=\"evf-83-field_LbH5NxasXM-2\" class=\"input-text\" name=\"everest_forms[form_fields][LbH5NxasXM-2]\" required ><\/div><div id=\"evf-83-field_fXmCPkk779-9-container\" class=\"evf-field evf-field-text form-row validate-required\" data-required-field-message=\"Merci de pr\u00e9ciser votre d\u00e9partement d&#039;intervention\" data-field-id=\"fXmCPkk779-9\"><label class=\"evf-field-label\" for=\"evf-83-field_fXmCPkk779-9\"><span class=\"evf-label\">Adresse<\/span> <abbr class=\"required\" title=\"N\u00e9cessaire\">*<\/abbr><\/label><input type=\"text\" id=\"evf-83-field_fXmCPkk779-9\" class=\"input-text\" name=\"everest_forms[form_fields][fXmCPkk779-9]\" required><\/div><div id=\"evf-83-field_IwcwbjXj6x-8-container\" class=\"evf-field evf-field-text form-row validate-required\" data-required-field-message=\"Ce champ est n\u00e9cessaire.\" data-field-id=\"IwcwbjXj6x-8\"><label class=\"evf-field-label\" for=\"evf-83-field_IwcwbjXj6x-8\"><span class=\"evf-label\">T\u00e9l\u00e9phone<\/span> <abbr class=\"required\" title=\"N\u00e9cessaire\">*<\/abbr><\/label><input type=\"text\" id=\"evf-83-field_IwcwbjXj6x-8\" class=\"input-text\" name=\"everest_forms[form_fields][IwcwbjXj6x-8]\" required><\/div><div id=\"evf-83-field_yhGx3FOwr2-4-container\" class=\"evf-field evf-field-textarea form-row\" data-field-id=\"yhGx3FOwr2-4\"><label class=\"evf-field-label\" for=\"evf-83-field_yhGx3FOwr2-4\"><span class=\"evf-label\">Votre message<\/span> <\/label><textarea id=\"evf-83-field_yhGx3FOwr2-4\" class=\"input-text\" name=\"everest_forms[form_fields][yhGx3FOwr2-4]\"  ><\/textarea><\/div><\/div><\/div><\/div><div class=\"evf-honeypot-container evf-field-hp\"><label for=\"evf-83-field-hp\" class=\"evf-field-label\">Name<\/label><input type=\"text\" name=\"everest_forms[hp]\" id=\"evf-83-field-hp\" class=\"input-text\"><\/div><div class=\"evf-submit-container \" ><input type=\"hidden\" name=\"everest_forms[id]\" value=\"83\"><input type=\"hidden\" name=\"everest_forms[author]\" value=\"1\"><button type='submit' name='everest_forms[submit]' class='everest-forms-submit-button button evf-submit ' id='evf-submit-83' value='evf-submit' data-process-text=\"Traitement\u2026\" conditional_rules='&quot;&quot;' conditional_id='evf-submit-83'  id=\"evf-submit-83\" aria-live=\"assertive\">Envoyer<\/button><\/div><\/form><\/div><!-- .evf-container --><\/div>\n","protected":false},"excerpt":{"rendered":"","protected":false},"author":1,"featured_media":0,"parent":0,"menu_order":0,"comment_status":"closed","ping_status":"closed","template":"","meta":{"advgb_blocks_editor_width":"","advgb_blocks_columns_visual_guide":"","footnotes":""},"class_list":["post-27","page","type-page","status-publish","hentry"],"coauthors":[],"author_meta":{"author_link":"https:\/\/www.casa-pac.fr\/index.php\/author\/gregcasa\/","display_name":"GregCasa"},"relative_dates":{"created":"Publi\u00e9 3 ans il y a","modified":"Mis \u00e0 jour 3 ans il y a"},"absolute_dates":{"created":"Publi\u00e9 le 13 f\u00e9vrier 2023","modified":"Mise \u00e0 jour le 17 f\u00e9vrier 2023"},"absolute_dates_time":{"created":"Publi\u00e9 le 13 f\u00e9vrier 2023 21h58","modified":"Mise \u00e0 jour le 17 f\u00e9vrier 2023 18h47"},"featured_img_caption":"","featured_img":false,"series_order":"","_links":{"self":[{"href":"https:\/\/www.casa-pac.fr\/index.php\/wp-json\/wp\/v2\/pages\/27","targetHints":{"allow":["GET"]}}],"collection":[{"href":"https:\/\/www.casa-pac.fr\/index.php\/wp-json\/wp\/v2\/pages"}],"about":[{"href":"https:\/\/www.casa-pac.fr\/index.php\/wp-json\/wp\/v2\/types\/page"}],"author":[{"embeddable":true,"href":"https:\/\/www.casa-pac.fr\/index.php\/wp-json\/wp\/v2\/users\/1"}],"replies":[{"embeddable":true,"href":"https:\/\/www.casa-pac.fr\/index.php\/wp-json\/wp\/v2\/comments?post=27"}],"version-history":[{"count":5,"href":"https:\/\/www.casa-pac.fr\/index.php\/wp-json\/wp\/v2\/pages\/27\/revisions"}],"predecessor-version":[{"id":84,"href":"https:\/\/www.casa-pac.fr\/index.php\/wp-json\/wp\/v2\/pages\/27\/revisions\/84"}],"wp:attachment":[{"href":"https:\/\/www.casa-pac.fr\/index.php\/wp-json\/wp\/v2\/media?parent=27"}],"curies":[{"name":"wp","href":"https:\/\/api.w.org\/{rel}","templated":true}]}}